{"id":6,"date":"2021-09-06T21:26:52","date_gmt":"2021-09-06T21:26:52","guid":{"rendered":"http:\/\/matscom.com\/?page_id=6"},"modified":"2024-05-07T21:05:25","modified_gmt":"2024-05-07T21:05:25","slug":"matscom","status":"publish","type":"page","link":"http:\/\/matscom.com\/","title":{"rendered":"MATSCOM"},"content":{"rendered":"<p>\n\t\t\t<!-- START Slider 1 REVOLUTION SLIDER 6.3.0 --><p class=\"rs-p-wp-fix\"><\/p>\n\t\t\t<rs-module-wrap id=\"rev_slider_1_1_wrapper\" data-source=\"gallery\" style=\"background:transparent;padding:0;margin:0px auto;margin-top:0;margin-bottom:0;\">\n\t\t\t\t<rs-module id=\"rev_slider_1_1\" style=\"\" data-version=\"6.3.0\">\n\t\t\t\t\t<rs-slides>\n\t\t\t\t\t\t<rs-slide data-key=\"rs-1\" data-title=\"Slide\" data-anim=\"ei:d;eo:d;s:d;r:default;t:slidevertical;sl:d;\">\n\t\t\t\t\t\t\t<img loading=\"lazy\" decoding=\"async\" src=\"\/\/matscom.com\/wp-content\/uploads\/2021\/09\/3.jpg\" title=\"3\" width=\"1800\" height=\"1120\" class=\"rev-slidebg\" data-no-retina>\n<!--\n\t\t\t\t\t\t\t--><rs-layer\n\t\t\t\t\t\t\t\tid=\"slider-1-slide-1-layer-0\" \n\t\t\t\t\t\t\t\tdata-type=\"text\"\n\t\t\t\t\t\t\t\tdata-color=\"#fff\"\n\t\t\t\t\t\t\t\tdata-rsp_ch=\"on\"\n\t\t\t\t\t\t\t\tdata-xy=\"x:c;y:c;yo:30px;\"\n\t\t\t\t\t\t\t\tdata-text=\"w:normal;s:60;l:60;ls:-5px;fw:200;\"\n\t\t\t\t\t\t\t\tdata-dim=\"minh:0px;\"\n\t\t\t\t\t\t\t\tdata-frame_0=\"sX:0.9;sY:0.9;\"\n\t\t\t\t\t\t\t\tdata-frame_1=\"st:910;sp:760;sR:910;\"\n\t\t\t\t\t\t\t\tdata-frame_999=\"o:0;st:w;sR:7330;\"\n\t\t\t\t\t\t\t\tstyle=\"z-index:9;background-color:rgba(0,0,0,0.4);font-family:Montserrat;\"\n\t\t\t\t\t\t\t>TELECOMUNICACI\u00d3N \n\t\t\t\t\t\t\t<\/rs-layer><!--\n\n\t\t\t\t\t\t\t--><rs-layer\n\t\t\t\t\t\t\t\tid=\"slider-1-slide-1-layer-1\" \n\t\t\t\t\t\t\t\tdata-type=\"text\"\n\t\t\t\t\t\t\t\tdata-color=\"#fff\"\n\t\t\t\t\t\t\t\tdata-rsp_ch=\"on\"\n\t\t\t\t\t\t\t\tdata-xy=\"x:c;y:c;yo:-40px;\"\n\t\t\t\t\t\t\t\tdata-text=\"w:normal;s:60;l:60;ls:-5px;fw:200;\"\n\t\t\t\t\t\t\t\tdata-dim=\"minh:0px;\"\n\t\t\t\t\t\t\t\tdata-frame_0=\"sX:0.9;sY:0.9;\"\n\t\t\t\t\t\t\t\tdata-frame_1=\"st:520;sp:760;sR:520;\"\n\t\t\t\t\t\t\t\tdata-frame_999=\"o:0;st:w;sR:7720;\"\n\t\t\t\t\t\t\t\tstyle=\"z-index:8;background-color:rgba(0,0,0,0.4);font-family:Montserrat;\"\n\t\t\t\t\t\t\t>LIDERES EN EQUIPOS DE \n\t\t\t\t\t\t\t<\/rs-layer><!--\n-->\t\t\t\t\t\t<\/rs-slide>\n\t\t\t\t\t\t<rs-slide data-key=\"rs-2\" data-title=\"Slide\" data-anim=\"ei:d;eo:d;s:d;r:default;t:slidevertical;sl:d;\">\n\t\t\t\t\t\t\t<img loading=\"lazy\" decoding=\"async\" src=\"\/\/matscom.com\/wp-content\/uploads\/2021\/09\/1.jpg\" title=\"1\" width=\"1280\" height=\"800\" class=\"rev-slidebg\" data-no-retina>\n<!--\n\t\t\t\t\t\t\t--><rs-layer\n\t\t\t\t\t\t\t\tid=\"slider-1-slide-2-layer-0\" \n\t\t\t\t\t\t\t\tdata-type=\"text\"\n\t\t\t\t\t\t\t\tdata-color=\"#fff\"\n\t\t\t\t\t\t\t\tdata-rsp_ch=\"on\"\n\t\t\t\t\t\t\t\tdata-xy=\"x:c;y:c;yo:30px;\"\n\t\t\t\t\t\t\t\tdata-text=\"w:normal;s:60;l:60;ls:-5px;fw:200;\"\n\t\t\t\t\t\t\t\tdata-dim=\"minh:0px;\"\n\t\t\t\t\t\t\t\tdata-frame_0=\"sX:0.9;sY:0.9;\"\n\t\t\t\t\t\t\t\tdata-frame_1=\"st:910;sp:760;sR:910;\"\n\t\t\t\t\t\t\t\tdata-frame_999=\"o:0;st:w;sR:7330;\"\n\t\t\t\t\t\t\t\tstyle=\"z-index:9;background-color:rgba(0,0,0,0.4);font-family:Montserrat;\"\n\t\t\t\t\t\t\t>TELECOMUNICACI\u00d3N \n\t\t\t\t\t\t\t<\/rs-layer><!--\n\n\t\t\t\t\t\t\t--><rs-layer\n\t\t\t\t\t\t\t\tid=\"slider-1-slide-2-layer-1\" \n\t\t\t\t\t\t\t\tdata-type=\"text\"\n\t\t\t\t\t\t\t\tdata-color=\"#fff\"\n\t\t\t\t\t\t\t\tdata-rsp_ch=\"on\"\n\t\t\t\t\t\t\t\tdata-xy=\"x:c;y:c;yo:-40px;\"\n\t\t\t\t\t\t\t\tdata-text=\"w:normal;s:60;l:60;ls:-5px;fw:200;\"\n\t\t\t\t\t\t\t\tdata-dim=\"minh:0px;\"\n\t\t\t\t\t\t\t\tdata-frame_0=\"sX:0.9;sY:0.9;\"\n\t\t\t\t\t\t\t\tdata-frame_1=\"st:520;sp:760;sR:520;\"\n\t\t\t\t\t\t\t\tdata-frame_999=\"o:0;st:w;sR:7720;\"\n\t\t\t\t\t\t\t\tstyle=\"z-index:8;background-color:rgba(0,0,0,0.4);font-family:Montserrat;\"\n\t\t\t\t\t\t\t>LIDERES EN EQUIPOS DE \n\t\t\t\t\t\t\t<\/rs-layer><!--\n-->\t\t\t\t\t\t<\/rs-slide>\n\t\t\t\t\t<\/rs-slides>\n\t\t\t\t<\/rs-module>\n\t\t\t\t<script type=\"text\/javascript\">\n\t\t\t\t\tsetREVStartSize({c: 'rev_slider_1_1',rl:[1240,1024,778,480],el:[460],gw:[1240],gh:[460],type:'standard',justify:'',layout:'fullwidth',mh:\"0\"});\n\t\t\t\t\tvar\trevapi1,\n\t\t\t\t\t\ttpj;\n\t\t\t\t\tfunction revinit_revslider11() {\n\t\t\t\t\tjQuery(function() {\n\t\t\t\t\t\ttpj = jQuery;\n\t\t\t\t\t\trevapi1 = tpj(\"#rev_slider_1_1\");\n\t\t\t\t\t\tif(revapi1==undefined || revapi1.revolution == undefined){\n\t\t\t\t\t\t\trevslider_showDoubleJqueryError(\"rev_slider_1_1\");\n\t\t\t\t\t\t}else{\n\t\t\t\t\t\t\trevapi1.revolution({\n\t\t\t\t\t\t\t\tsliderLayout:\"fullwidth\",\n\t\t\t\t\t\t\t\tduration:\"3200ms\",\n\t\t\t\t\t\t\t\tvisibilityLevels:\"1240,1024,778,480\",\n\t\t\t\t\t\t\t\tgridwidth:1240,\n\t\t\t\t\t\t\t\tgridheight:460,\n\t\t\t\t\t\t\t\tperspective:600,\n\t\t\t\t\t\t\t\tperspectiveType:\"global\",\n\t\t\t\t\t\t\t\teditorheight:\"460,768,960,720\",\n\t\t\t\t\t\t\t\tresponsiveLevels:\"1240,1024,778,480\",\n\t\t\t\t\t\t\t\tprogressBar:{disableProgressBar:true},\n\t\t\t\t\t\t\t\tnavigation: {\n\t\t\t\t\t\t\t\t\tonHoverStop:false\n\t\t\t\t\t\t\t\t},\n\t\t\t\t\t\t\t\tfallbacks: {\n\t\t\t\t\t\t\t\t\tallowHTML5AutoPlayOnAndroid:true\n\t\t\t\t\t\t\t\t},\n\t\t\t\t\t\t\t});\n\t\t\t\t\t\t}\n\t\t\t\t\t\t\n\t\t\t\t\t});\n\t\t\t\t\t} \/\/ End of RevInitScript\n\t\t\t\tvar once_revslider11 = false;\n\t\t\t\tif (document.readyState === \"loading\") {document.addEventListener('readystatechange',function() { if((document.readyState === \"interactive\" || document.readyState === \"complete\") && !once_revslider11 ) { once_revslider11 = true; revinit_revslider11();}});} else {once_revslider11 = true; revinit_revslider11();}\n\t\t\t\t<\/script>\n\t\t\t<\/rs-module-wrap>\n\t\t\t<!-- END REVOLUTION SLIDER -->\n.<\/p>\n<h3 style=\"text-align: center;\"><span style=\"color: #3366ff;\"><em><span style=\"color: #0000ff;\">Comercializamos productos de alta calidad para el \u00e1rea de telecomunicaciones. Asesor\u00eda constante y el respaldo de prestigiosas marcas l\u00edderes del sector en el mercado global nos posici\u00f3n como lideres en la venta de equipos de telecomunicaciones<\/span><\/em>.<\/span><\/h3>\n<div class=\"woocommerce columns-3\">\n<div class=\"products_wrapper isotope_wrapper\">\n\t<ul class=\"products \">\n<li class=\"product-category product first\">\n\t<\/li>\n<li class=\"product-category product\">\n\t<\/li>\n<li class=\"product-category product last\">\n\t<\/li>\n<li class=\"product-category product first\">\n\t<\/li>\n<li class=\"product-category product\">\n\t<\/li>\n<li class=\"product-category product last\">\n\t<\/li>\n<li class=\"product-category product first\">\n\t<\/li>\n<li class=\"product-category product\">\n\t<\/li>\n<li class=\"product-category product last\">\n\t<\/li>\n\n\t<\/ul>\n<\/div><\/div>\n<figure><\/figure>\n<figure><img decoding=\"async\" class=\"alignnone\" src=\"http:\/\/matscom.com\/wp-content\/uploads\/2021\/10\/2-1.png\" alt=\"2\"><\/figure>\n<figure><img decoding=\"async\" class=\"alignnone\" src=\"http:\/\/matscom.com\/wp-content\/uploads\/2021\/10\/3-1.png\" alt=\"3\"><\/figure>\n<figure><img decoding=\"async\" class=\"alignnone\" src=\"http:\/\/matscom.com\/wp-content\/uploads\/2021\/10\/4-1.png\" alt=\"4\"><\/figure>\n<figure><img decoding=\"async\" class=\"alignnone\" src=\"http:\/\/matscom.com\/wp-content\/uploads\/2021\/10\/5-1.png\" alt=\"5\"><\/figure>\n<figure><img decoding=\"async\" class=\"alignnone\" src=\"http:\/\/matscom.com\/wp-content\/uploads\/2021\/10\/6-1.png\" alt=\"6\"><\/figure>\n<figure><img decoding=\"async\" class=\"alignnone\" src=\"http:\/\/matscom.com\/wp-content\/uploads\/2021\/10\/7-2.png\" alt=\"7\"><\/figure>\n<p>Anterior<br \/>\nSiguiente<\/p>\n","protected":false},"excerpt":{"rendered":"<p>. Comercializamos productos de alta calidad para el \u00e1rea de telecomunicaciones. Asesor\u00eda constante y el respaldo de prestigiosas marcas l\u00edderes del sector en el mercado global<span class=\"excerpt-hellip\"> [\u2026]<\/span><\/p>\n","protected":false},"author":1,"featured_media":0,"parent":0,"menu_order":0,"comment_status":"closed","ping_status":"closed","template":"","meta":{"_monsterinsights_skip_tracking":false,"_monsterinsights_sitenote_active":false,"_monsterinsights_sitenote_note":"","_monsterinsights_sitenote_category":0,"footnotes":""},"class_list":["post-6","page","type-page","status-publish","hentry"],"_links":{"self":[{"href":"http:\/\/matscom.com\/index.php\/wp-json\/wp\/v2\/pages\/6"}],"collection":[{"href":"http:\/\/matscom.com\/index.php\/wp-json\/wp\/v2\/pages"}],"about":[{"href":"http:\/\/matscom.com\/index.php\/wp-json\/wp\/v2\/types\/page"}],"author":[{"embeddable":true,"href":"http:\/\/matscom.com\/index.php\/wp-json\/wp\/v2\/users\/1"}],"replies":[{"embeddable":true,"href":"http:\/\/matscom.com\/index.php\/wp-json\/wp\/v2\/comments?post=6"}],"version-history":[{"count":84,"href":"http:\/\/matscom.com\/index.php\/wp-json\/wp\/v2\/pages\/6\/revisions"}],"predecessor-version":[{"id":876,"href":"http:\/\/matscom.com\/index.php\/wp-json\/wp\/v2\/pages\/6\/revisions\/876"}],"wp:attachment":[{"href":"http:\/\/matscom.com\/index.php\/wp-json\/wp\/v2\/media?parent=6"}],"curies":[{"name":"wp","href":"https:\/\/api.w.org\/{rel}","templated":true}]}}