{"id":711,"date":"2023-02-03T14:47:06","date_gmt":"2023-02-03T14:47:06","guid":{"rendered":"http:\/\/matscom.com\/?post_type=product&#038;p=711"},"modified":"2023-12-14T00:49:51","modified_gmt":"2023-12-14T00:49:51","slug":"ftth-fibra-optica-hasta-el-hogar","status":"publish","type":"product","link":"http:\/\/matscom.com\/index.php\/producto\/ftth-fibra-optica-hasta-el-hogar\/","title":{"rendered":"FTTH fibra \u00f3ptica  de 1 hilo hasta el Hogar"},"content":{"rendered":"<p><strong>Cable de bajada FTTH de 1 n\u00facleo,Cable de bajada G657A FTTH,Cable de bajada de fibra \u00f3ptica FTTH de 2 KM<\/strong><\/p>\n<ul>\n<li style=\"list-style-type: none;\">\n<ul>\n<li>RS un cable de fibra optica de acometida o de bajada\u00a0 (G.657.A1) de 1 Hilo de estructura ajustable (Tight Buffer).<\/li>\n<li>Incorpora 2 miembros de fuerza FRP de 0.5 mm no\u00a0 metalicos para proteger la fibra<\/li>\n<li>o miembros de refurerzo\u00a0 metalico\u00a0 y chaqueta de policroruro de vinilo\u00a0 (PVC)<\/li>\n<li>o LSZH (LSZH,Low smoke, libre de hal\u00f3genos, retardante de llama) de Extrusi\u00f3n negra<\/li>\n<li><\/li>\n<\/ul>\n<\/li>\n<\/ul>\n<p><!--more--><\/p>\n<ul>\n<li>Temperatura de funcionamiento \u00b0C: -20~+60<\/li>\n<li>SPAN: 100<\/li>\n<li>Coeficiente de atenuaci\u00f3n dB\/Km: \u2266 0,4 a 1310 nm, \u2266 0,3 a 1550 nm<\/li>\n<li>Longitud de Onda: &lt; 1260<\/li>\n<\/ul>\n","protected":false},"excerpt":{"rendered":"<a class=\"button  button_size_2\" href=\"http:\/\/matscom.com\/wp-content\/uploads\/2023\/02\/Drop-ft-3S.1H.pdf\"    ><span class=\"button_label\">Ver ficha t\u00e9cnica<\/span><\/a>\n\n","protected":false},"featured_media":716,"comment_status":"open","ping_status":"closed","template":"","meta":{"_monsterinsights_skip_tracking":false,"_monsterinsights_sitenote_active":false,"_monsterinsights_sitenote_note":"","_monsterinsights_sitenote_category":0},"product_cat":[67],"product_tag":[],"class_list":["post-711","product","type-product","status-publish","has-post-thumbnail","hentry","product_cat-ftth"],"_links":{"self":[{"href":"http:\/\/matscom.com\/index.php\/wp-json\/wp\/v2\/product\/711"}],"collection":[{"href":"http:\/\/matscom.com\/index.php\/wp-json\/wp\/v2\/product"}],"about":[{"href":"http:\/\/matscom.com\/index.php\/wp-json\/wp\/v2\/types\/product"}],"replies":[{"embeddable":true,"href":"http:\/\/matscom.com\/index.php\/wp-json\/wp\/v2\/comments?post=711"}],"wp:featuredmedia":[{"embeddable":true,"href":"http:\/\/matscom.com\/index.php\/wp-json\/wp\/v2\/media\/716"}],"wp:attachment":[{"href":"http:\/\/matscom.com\/index.php\/wp-json\/wp\/v2\/media?parent=711"}],"wp:term":[{"taxonomy":"product_cat","embeddable":true,"href":"http:\/\/matscom.com\/index.php\/wp-json\/wp\/v2\/product_cat?post=711"},{"taxonomy":"product_tag","embeddable":true,"href":"http:\/\/matscom.com\/index.php\/wp-json\/wp\/v2\/product_tag?post=711"}],"curies":[{"name":"wp","href":"https:\/\/api.w.org\/{rel}","templated":true}]}}